{"id":372,"date":"2024-07-22T17:08:55","date_gmt":"2024-07-22T20:08:55","guid":{"rendered":"https:\/\/mafcont.com.br\/?page_id=372"},"modified":"2024-11-04T12:25:02","modified_gmt":"2024-11-04T15:25:02","slug":"departamento-fiscal","status":"publish","type":"page","link":"https:\/\/mafcont.com.br\/index.php\/departamento-fiscal\/","title":{"rendered":"Departamento Fiscal"},"content":{"rendered":"<h2><strong>O Departamento Fiscal da MAFCONT: Efici\u00eancia e Confiabilidade na Gest\u00e3o Tribut\u00e1ria<\/strong><\/h2>\n<div>\n<p>No cen\u00e1rio complexo e din\u00e2mico das obriga\u00e7\u00f5es fiscais, o Departamento Fiscal da MAFCONT se destaca como um basti\u00e3o de efici\u00eancia e expertise. Com uma equipe dedicada e experiente, a MAFCONT oferece n\u00e3o apenas conformidade legal, mas tamb\u00e9m estrat\u00e9gias inteligentes para otimiza\u00e7\u00e3o fiscal e redu\u00e7\u00e3o de riscos.<\/p>\n<p><strong>O servi\u00e7o de Departamento Fiscal da MAFCONT abrange uma gama completa de solu\u00e7\u00f5es, desde a an\u00e1lise detalhada de impostos at\u00e9 a elabora\u00e7\u00e3o e entrega de obriga\u00e7\u00f5es acess\u00f3rias. Cada cliente recebe aten\u00e7\u00e3o personalizada para garantir que suas necessidades espec\u00edficas sejam atendidas de maneira precisa e oportuna.<\/strong><\/p>\n<p>A equipe especializada da MAFCONT est\u00e1 sempre atualizada com as mais recentes mudan\u00e7as na legisla\u00e7\u00e3o tribut\u00e1ria, garantindo que seus clientes estejam em conformidade e possam aproveitar oportunidades legais para redu\u00e7\u00e3o de custos fiscais. Al\u00e9m disso, a MAFCONT oferece consultoria proativa, ajudando empresas a planejar suas opera\u00e7\u00f5es de forma a minimizar impactos tribut\u00e1rios e maximizar a efici\u00eancia financeira.<\/p>\n<p>Ao escolher o Departamento Fiscal da MAFCONT, empresas encontram n\u00e3o apenas um prestador de servi\u00e7os, mas um parceiro estrat\u00e9gico que contribui significativamente para seu crescimento e sucesso. A confian\u00e7a e a tranquilidade de estar em conformidade com as normas fiscais s\u00e3o fundamentais para qualquer neg\u00f3cio, e a MAFCONT proporciona isso com excel\u00eancia.<\/p>\n<p>Em resumo, o Departamento Fiscal da MAFCONT n\u00e3o apenas cumpre obriga\u00e7\u00f5es fiscais, mas tamb\u00e9m agrega valor atrav\u00e9s de uma gest\u00e3o tribut\u00e1ria eficiente, que impulsiona o progresso e a sustentabilidade dos neg\u00f3cios de seus clientes.<\/p>\n<\/div>\n<h1>Conte com a <strong>MAFCont<\/strong> Escrit\u00f3rio de Contabilidade!<\/h1>\n<h2>Conte com a <strong>MAFCont<\/strong> Escrit\u00f3rio de Contabilidade!<\/h2>\n<div>Acreditamos que podemos elevar o potencial das pessoas e seus neg\u00f3cios, levando a contabilidade consultiva de forma f\u00e1cil e pr\u00e1tica.<\/div>\n<p>\n    <a href=\"\/contato\">saiba mais<\/a>\n<\/p>\n<p><!--more--><br \/>\n<!-- {\"type\":\"layout\",\"children\":[{\"type\":\"section\",\"props\":{\"divider_color_inherit_section\":true,\"divider_flip\":false,\"divider_height\":\"120\",\"divider_invert\":true,\"divider_layers_gap\":\"5\",\"divider_layers_opacity\":\"0.5\",\"divider_position\":\"bottom\",\"divider_responsive\":true,\"divider_shadow_blur_radius\":\"5\",\"divider_shadow_color\":\"#00000080\",\"divider_shadow_offset_x\":\"0\",\"divider_shadow_offset_y\":\"5\",\"divider_shape\":\"curve\",\"divider_width\":\"100\",\"header_transparent\":\"light\",\"header_transparent_noplaceholder\":true,\"image\":\"wp-content\\\/uploads\\\/2024\\\/07\\\/negativnyye-ustanovki.jpg\",\"image_position\":\"top-center\",\"image_size\":\"cover\",\"media_overlay\":\"rgba(0, 0, 0, 0.47)\",\"padding\":\"xlarge\",\"padding_custom_bottom\":\"40\",\"padding_custom_top\":\"40\",\"style\":\"default\",\"style_custom_color\":\"#ccc\",\"text_color\":\"light\",\"title_breakpoint\":\"xl\",\"title_position\":\"top-left\",\"title_rotation\":\"left\",\"vertical_align\":\"middle\",\"width\":\"default\"},\"children\":[{\"type\":\"row\",\"children\":[{\"type\":\"column\",\"props\":{\"image_position\":\"center-center\",\"position_sticky_breakpoint\":\"m\"},\"children\":[{\"type\":\"headline\",\"props\":{\"title_element\":\"h1\",\"title_style\":\"h2\"},\"source\":{\"query\":{\"name\":\"pages.singlePage\"},\"props\":{\"content\":{\"filters\":{\"search\":\"\"},\"name\":\"title\"}}}},{\"type\":\"breadcrumbs\",\"props\":{\"show_current\":true,\"show_home\":true}}]}]}],\"name\":\"topbanner\"},{\"type\":\"section\",\"props\":{\"animation\":\"slide-left-medium\",\"animation_delay\":\"300\",\"divider_height\":\"120\",\"divider_layers_gap\":\"5\",\"divider_layers_opacity\":\"0.5\",\"divider_position\":\"top\",\"divider_responsive\":true,\"divider_shadow_blur_radius\":\"5\",\"divider_shadow_color\":\"#00000080\",\"divider_shadow_offset_x\":\"0\",\"divider_shadow_offset_y\":\"5\",\"divider_width\":\"100\",\"image_position\":\"center-center\",\"padding_custom_bottom\":\"40\",\"padding_custom_top\":\"40\",\"padding_remove_bottom\":false,\"style\":\"default\",\"style_custom_color\":\"#ccc\",\"title_breakpoint\":\"\",\"title_position\":\"top-right\",\"title_rotation\":\"left\",\"vertical_align\":\"middle\",\"width\":\"default\"},\"children\":[{\"type\":\"row\",\"props\":{\"margin\":\"default\",\"margin_remove_bottom\":false,\"row_gap\":\"medium\"},\"children\":[{\"type\":\"column\",\"props\":{\"image_position\":\"center-center\",\"padding\":\"small\",\"position_sticky_breakpoint\":\"m\"},\"children\":[{\"type\":\"headline\",\"props\":{\"block_align\":\"center\",\"content\":\"<strong>O Departamento Fiscal da MAFCONT: Efici\\u00eancia e Confiabilidade na Gest\\u00e3o Tribut\\u00e1ria<\\\/strong>\",\"margin\":\"default\",\"title_color\":\"primary\",\"title_element\":\"h2\",\"title_style\":\"h1\"},\"name\":\"titulo pagina\"},{\"type\":\"text\",\"props\":{\"block_align\":\"center\",\"column_breakpoint\":\"m\",\"content\":\"\n\n<p>No cen\\u00e1rio complexo e din\\u00e2mico das obriga\\u00e7\\u00f5es fiscais, o Departamento Fiscal da MAFCONT se destaca como um basti\\u00e3o de efici\\u00eancia e expertise. Com uma equipe dedicada e experiente, a MAFCONT oferece n\\u00e3o apenas conformidade legal, mas tamb\\u00e9m estrat\\u00e9gias inteligentes para otimiza\\u00e7\\u00e3o fiscal e redu\\u00e7\\u00e3o de riscos.<\\\/p>\\n\n\n<p><strong>O servi\\u00e7o de Departamento Fiscal da MAFCONT abrange uma gama completa de solu\\u00e7\\u00f5es, desde a an\\u00e1lise detalhada de impostos at\\u00e9 a elabora\\u00e7\\u00e3o e entrega de obriga\\u00e7\\u00f5es acess\\u00f3rias. Cada cliente recebe aten\\u00e7\\u00e3o personalizada para garantir que suas necessidades espec\\u00edficas sejam atendidas de maneira precisa e oportuna.<\\\/strong><\\\/p>\\n\n\n<p>A equipe especializada da MAFCONT est\\u00e1 sempre atualizada com as mais recentes mudan\\u00e7as na legisla\\u00e7\\u00e3o tribut\\u00e1ria, garantindo que seus clientes estejam em conformidade e possam aproveitar oportunidades legais para redu\\u00e7\\u00e3o de custos fiscais. Al\\u00e9m disso, a MAFCONT oferece consultoria proativa, ajudando empresas a planejar suas opera\\u00e7\\u00f5es de forma a minimizar impactos tribut\\u00e1rios e maximizar a efici\\u00eancia financeira.<\\\/p>\\n\n\n<p>Ao escolher o Departamento Fiscal da MAFCONT, empresas encontram n\\u00e3o apenas um prestador de servi\\u00e7os, mas um parceiro estrat\\u00e9gico que contribui significativamente para seu crescimento e sucesso. A confian\\u00e7a e a tranquilidade de estar em conformidade com as normas fiscais s\\u00e3o fundamentais para qualquer neg\\u00f3cio, e a MAFCONT proporciona isso com excel\\u00eancia.<\\\/p>\\n\n\n<p>Em resumo, o Departamento Fiscal da MAFCONT n\\u00e3o apenas cumpre obriga\\u00e7\\u00f5es fiscais, mas tamb\\u00e9m agrega valor atrav\\u00e9s de uma gest\\u00e3o tribut\\u00e1ria eficiente, que impulsiona o progresso e a sustentabilidade dos neg\\u00f3cios de seus clientes.<\\\/p>\",\"margin\":\"default\",\"text_align\":\"justify\"}}]}]}],\"name\":\"conteudo\"},{\"type\":\"section\",\"props\":{\"animation\":\"slide-left-medium\",\"animation_delay\":\"300\",\"divider_height\":\"120\",\"divider_layers_gap\":\"5\",\"divider_layers_opacity\":\"0.5\",\"divider_position\":\"top\",\"divider_responsive\":true,\"divider_shadow_blur_radius\":\"5\",\"divider_shadow_color\":\"#00000080\",\"divider_shadow_offset_x\":\"0\",\"divider_shadow_offset_y\":\"5\",\"divider_width\":\"100\",\"image\":\"wp-content\\\/uploads\\\/2024\\\/07\\\/16992-5a18d21abe358.jpg\",\"image_position\":\"center-center\",\"image_size\":\"cover\",\"media_overlay\":\"rgba(0, 0, 0, 0.66)\",\"padding\":\"large\",\"padding_custom_bottom\":\"40\",\"padding_custom_top\":\"40\",\"padding_remove_bottom\":false,\"sticky\":\"reveal\",\"style\":\"default\",\"style_custom_color\":\"#ccc\",\"text_color\":\"light\",\"title_breakpoint\":\"l\",\"title_position\":\"center-right\",\"title_rotation\":\"left\",\"vertical_align\":\"middle\",\"width\":\"default\"},\"children\":[{\"type\":\"row\",\"props\":{\"layout\":\"1-2,1-2\",\"margin\":\"default\"},\"children\":[{\"type\":\"column\",\"props\":{\"image_effect\":\"fixed\",\"image_position\":\"center-left\",\"order_first\":\"m\",\"position_sticky_breakpoint\":\"m\",\"width_medium\":\"1-2\",\"width_small\":\"1-2\"},\"children\":[{\"type\":\"headline\",\"props\":{\"content\":\"Conte com a <strong>MAFCont<\\\/strong> Escrit\\u00f3rio de Contabilidade!\",\"title_color\":\"primary\",\"title_element\":\"h1\",\"title_font_family\":\"primary\",\"title_style\":\"h2\",\"visibility\":\"hidden-m\"},\"name\":\"Empatia e qualidade... @MOBILE\"},{\"type\":\"headline\",\"props\":{\"content\":\"Conte com a <strong>MAFCont<\\\/strong> Escrit\\u00f3rio de Contabilidade!\",\"margin\":\"default\",\"title_color\":\"primary\",\"title_element\":\"h2\",\"title_font_family\":\"primary\",\"title_style\":\"h1\",\"visibility\":\"m\"},\"name\":\"Empatia e qualidade em primeiro lugar.\"},{\"type\":\"text\",\"props\":{\"column_breakpoint\":\"m\",\"content\":\"Acreditamos que podemos elevar o potencial das pessoas e seus neg\\u00f3cios, levando a contabilidade consultiva de forma f\\u00e1cil e pr\\u00e1tica.\",\"margin\":\"default\"}},{\"type\":\"button\",\"props\":{\"animation\":\"slide-bottom-medium\",\"grid_column_gap\":\"small\",\"grid_row_gap\":\"small\",\"margin\":\"default\"},\"children\":[{\"type\":\"button_item\",\"props\":{\"button_style\":\"\",\"content\":\"saiba mais\",\"icon\":\"arrow-right\",\"icon_align\":\"right\",\"link\":\"\\\/contato\"}}]}]},{\"type\":\"column\",\"props\":{\"image_position\":\"center-center\",\"order_first\":\"m\",\"position_sticky_breakpoint\":\"m\",\"width_medium\":\"1-2\",\"width_small\":\"1-2\"}}]}],\"name\":\"CTA-novo\"}],\"version\":\"4.0.8\",\"yooessentialsVersion\":\"2.0.13\"} --><\/p>\n","protected":false},"excerpt":{"rendered":"<p>O Departamento Fiscal da MAFCONT: Efici\u00eancia e Confiabilidade na Gest\u00e3o Tribut\u00e1ria No cen\u00e1rio complexo e din\u00e2mico das obriga\u00e7\u00f5es fiscais, o Departamento Fiscal da MAFCONT se destaca como um basti\u00e3o de efici\u00eancia e expertise. Com uma equipe dedicada e experiente, a MAFCONT oferece n\u00e3o apenas conformidade legal, mas tamb\u00e9m estrat\u00e9gias inteligentes para otimiza\u00e7\u00e3o fiscal e redu\u00e7\u00e3o [&hellip;]<\/p>\n","protected":false},"author":1,"featured_media":0,"parent":0,"menu_order":0,"comment_status":"closed","ping_status":"closed","template":"","meta":{"footnotes":""},"class_list":["post-372","page","type-page","status-publish","hentry"],"_links":{"self":[{"href":"https:\/\/mafcont.com.br\/index.php\/wp-json\/wp\/v2\/pages\/372","targetHints":{"allow":["GET"]}}],"collection":[{"href":"https:\/\/mafcont.com.br\/index.php\/wp-json\/wp\/v2\/pages"}],"about":[{"href":"https:\/\/mafcont.com.br\/index.php\/wp-json\/wp\/v2\/types\/page"}],"author":[{"embeddable":true,"href":"https:\/\/mafcont.com.br\/index.php\/wp-json\/wp\/v2\/users\/1"}],"replies":[{"embeddable":true,"href":"https:\/\/mafcont.com.br\/index.php\/wp-json\/wp\/v2\/comments?post=372"}],"version-history":[{"count":10,"href":"https:\/\/mafcont.com.br\/index.php\/wp-json\/wp\/v2\/pages\/372\/revisions"}],"predecessor-version":[{"id":620,"href":"https:\/\/mafcont.com.br\/index.php\/wp-json\/wp\/v2\/pages\/372\/revisions\/620"}],"wp:attachment":[{"href":"https:\/\/mafcont.com.br\/index.php\/wp-json\/wp\/v2\/media?parent=372"}],"curies":[{"name":"wp","href":"https:\/\/api.w.org\/{rel}","templated":true}]}}