{"id":371,"date":"2024-07-22T17:08:55","date_gmt":"2024-07-22T20:08:55","guid":{"rendered":"https:\/\/mafcont.com.br\/?page_id=371"},"modified":"2024-11-04T12:24:39","modified_gmt":"2024-11-04T15:24:39","slug":"departamento-pessoal","status":"publish","type":"page","link":"https:\/\/mafcont.com.br\/index.php\/departamento-pessoal\/","title":{"rendered":"Departamento Pessoal"},"content":{"rendered":"<h2><strong><br \/>\nO Departamento Pessoal da MAFCONT: Excel\u00eancia em Gest\u00e3o de Recursos Humanos<\/strong><\/h2>\n<div>\n<p>No cora\u00e7\u00e3o de uma empresa bem-sucedida, encontra-se um Departamento Pessoal dedicado e eficiente, como o da MAFCONT. Com anos de experi\u00eancia e um compromisso inabal\u00e1vel com a excel\u00eancia, a MAFCONT se destaca n\u00e3o apenas pelos seus servi\u00e7os cont\u00e1beis, mas tamb\u00e9m pela sua habilidade \u00edmpar em gerir e valorizar seu capital humano.<\/p>\n<p><strong>O Departamento Pessoal da MAFCONT atua como um pilar fundamental na gest\u00e3o de recursos humanos, garantindo que cada colaborador seja n\u00e3o apenas uma parte essencial da equipe, mas tamb\u00e9m um indiv\u00edduo cujas necessidades e contribui\u00e7\u00f5es s\u00e3o cuidadosamente reconhecidas e valorizadas. Desde o recrutamento at\u00e9 o desligamento, cada etapa do ciclo de vida do empregado \u00e9 cuidadosamente gerenciada com profissionalismo e aten\u00e7\u00e3o aos detalhes.<\/strong><\/p>\n<p>Com uma equipe de especialistas dedicados, o Departamento Pessoal da MAFCONT oferece uma gama completa de servi\u00e7os que incluem folha de pagamento precisa e pontual, gest\u00e3o de benef\u00edcios competitivos, conformidade legal rigorosa e uma abordagem consultiva que visa sempre o bem-estar e o desenvolvimento cont\u00ednuo de seus colaboradores.<\/p>\n<p>Al\u00e9m disso, a MAFCONT se destaca pela sua capacidade de adaptar-se \u00e0s necessidades espec\u00edficas de cada cliente, proporcionando solu\u00e7\u00f5es personalizadas que garantem efici\u00eancia operacional e satisfa\u00e7\u00e3o dos funcion\u00e1rios.<\/p>\n<p>Ao escolher o Departamento Pessoal da MAFCONT, as empresas n\u00e3o apenas asseguram o cumprimento das normas trabalhistas e previdenci\u00e1rias, mas tamb\u00e9m fortalecem a rela\u00e7\u00e3o com seus colaboradores, promovendo um ambiente de trabalho positivo e produtivo.<\/p>\n<p>Em suma, o Departamento Pessoal da MAFCONT n\u00e3o \u00e9 apenas um servi\u00e7o, mas sim um parceiro estrat\u00e9gico que ajuda as empresas a alcan\u00e7ar e superar seus objetivos atrav\u00e9s da gest\u00e3o eficaz e valoriza\u00e7\u00e3o do seu maior ativo: as pessoas.<\/p>\n<\/div>\n<h1>Conte com a <strong>MAFCont<\/strong> Escrit\u00f3rio de Contabilidade!<\/h1>\n<h2>Conte com a <strong>MAFCont<\/strong> Escrit\u00f3rio de Contabilidade!<\/h2>\n<div>Acreditamos que podemos elevar o potencial das pessoas e seus neg\u00f3cios, levando a contabilidade consultiva de forma f\u00e1cil e pr\u00e1tica.<\/div>\n<p>\n    <a href=\"\/contato\">saiba mais<\/a>\n<\/p>\n<p><!--more--><br \/>\n<!-- {\"type\":\"layout\",\"children\":[{\"type\":\"section\",\"props\":{\"divider_color_inherit_section\":true,\"divider_flip\":false,\"divider_height\":\"120\",\"divider_invert\":true,\"divider_layers_gap\":\"5\",\"divider_layers_opacity\":\"0.5\",\"divider_position\":\"bottom\",\"divider_responsive\":true,\"divider_shadow_blur_radius\":\"5\",\"divider_shadow_color\":\"#00000080\",\"divider_shadow_offset_x\":\"0\",\"divider_shadow_offset_y\":\"5\",\"divider_shape\":\"curve\",\"divider_width\":\"100\",\"header_transparent\":\"light\",\"header_transparent_noplaceholder\":true,\"image\":\"wp-content\\\/uploads\\\/2024\\\/07\\\/negativnyye-ustanovki.jpg\",\"image_position\":\"top-center\",\"image_size\":\"cover\",\"media_overlay\":\"rgba(0, 0, 0, 0.47)\",\"padding\":\"xlarge\",\"padding_custom_bottom\":\"40\",\"padding_custom_top\":\"40\",\"style\":\"default\",\"style_custom_color\":\"#ccc\",\"text_color\":\"light\",\"title_breakpoint\":\"xl\",\"title_position\":\"top-left\",\"title_rotation\":\"left\",\"vertical_align\":\"middle\",\"width\":\"default\"},\"children\":[{\"type\":\"row\",\"children\":[{\"type\":\"column\",\"props\":{\"image_position\":\"center-center\",\"position_sticky_breakpoint\":\"m\"},\"children\":[{\"type\":\"headline\",\"props\":{\"title_element\":\"h1\",\"title_style\":\"h2\"},\"source\":{\"query\":{\"name\":\"pages.singlePage\"},\"props\":{\"content\":{\"filters\":{\"search\":\"\"},\"name\":\"title\"}}}},{\"type\":\"breadcrumbs\",\"props\":{\"show_current\":true,\"show_home\":true}}]}]}],\"name\":\"topbanner\"},{\"type\":\"section\",\"props\":{\"animation\":\"slide-left-medium\",\"animation_delay\":\"300\",\"divider_height\":\"120\",\"divider_layers_gap\":\"5\",\"divider_layers_opacity\":\"0.5\",\"divider_position\":\"top\",\"divider_responsive\":true,\"divider_shadow_blur_radius\":\"5\",\"divider_shadow_color\":\"#00000080\",\"divider_shadow_offset_x\":\"0\",\"divider_shadow_offset_y\":\"5\",\"divider_width\":\"100\",\"image_position\":\"center-center\",\"padding_custom_bottom\":\"40\",\"padding_custom_top\":\"40\",\"padding_remove_bottom\":false,\"style\":\"default\",\"style_custom_color\":\"#ccc\",\"title_breakpoint\":\"\",\"title_position\":\"top-right\",\"title_rotation\":\"left\",\"vertical_align\":\"middle\",\"width\":\"default\"},\"children\":[{\"type\":\"row\",\"props\":{\"margin\":\"default\",\"margin_remove_bottom\":false,\"row_gap\":\"medium\"},\"children\":[{\"type\":\"column\",\"props\":{\"image_position\":\"center-center\",\"padding\":\"small\",\"position_sticky_breakpoint\":\"m\"},\"children\":[{\"type\":\"headline\",\"props\":{\"block_align\":\"center\",\"content\":\"<strong>\\nO Departamento Pessoal da MAFCONT: Excel\\u00eancia em Gest\\u00e3o de Recursos Humanos<\\\/strong>\",\"margin\":\"default\",\"title_color\":\"primary\",\"title_element\":\"h2\",\"title_style\":\"h1\"},\"name\":\"titulo pagina\"},{\"type\":\"text\",\"props\":{\"block_align\":\"center\",\"column_breakpoint\":\"m\",\"content\":\"\n\n<p>No cora\\u00e7\\u00e3o de uma empresa bem-sucedida, encontra-se um Departamento Pessoal dedicado e eficiente, como o da MAFCONT. Com anos de experi\\u00eancia e um compromisso inabal\\u00e1vel com a excel\\u00eancia, a MAFCONT se destaca n\\u00e3o apenas pelos seus servi\\u00e7os cont\\u00e1beis, mas tamb\\u00e9m pela sua habilidade \\u00edmpar em gerir e valorizar seu capital humano.<\\\/p>\\n\n\n<p><strong>O Departamento Pessoal da MAFCONT atua como um pilar fundamental na gest\\u00e3o de recursos humanos, garantindo que cada colaborador seja n\\u00e3o apenas uma parte essencial da equipe, mas tamb\\u00e9m um indiv\\u00edduo cujas necessidades e contribui\\u00e7\\u00f5es s\\u00e3o cuidadosamente reconhecidas e valorizadas. Desde o recrutamento at\\u00e9 o desligamento, cada etapa do ciclo de vida do empregado \\u00e9 cuidadosamente gerenciada com profissionalismo e aten\\u00e7\\u00e3o aos detalhes.<\\\/strong><\\\/p>\\n\n\n<p>Com uma equipe de especialistas dedicados, o Departamento Pessoal da MAFCONT oferece uma gama completa de servi\\u00e7os que incluem folha de pagamento precisa e pontual, gest\\u00e3o de benef\\u00edcios competitivos, conformidade legal rigorosa e uma abordagem consultiva que visa sempre o bem-estar e o desenvolvimento cont\\u00ednuo de seus colaboradores.<\\\/p>\\n\n\n<p>Al\\u00e9m disso, a MAFCONT se destaca pela sua capacidade de adaptar-se \\u00e0s necessidades espec\\u00edficas de cada cliente, proporcionando solu\\u00e7\\u00f5es personalizadas que garantem efici\\u00eancia operacional e satisfa\\u00e7\\u00e3o dos funcion\\u00e1rios.<\\\/p>\\n\n\n<p>Ao escolher o Departamento Pessoal da MAFCONT, as empresas n\\u00e3o apenas asseguram o cumprimento das normas trabalhistas e previdenci\\u00e1rias, mas tamb\\u00e9m fortalecem a rela\\u00e7\\u00e3o com seus colaboradores, promovendo um ambiente de trabalho positivo e produtivo.<\\\/p>\\n\n\n<p>Em suma, o Departamento Pessoal da MAFCONT n\\u00e3o \\u00e9 apenas um servi\\u00e7o, mas sim um parceiro estrat\\u00e9gico que ajuda as empresas a alcan\\u00e7ar e superar seus objetivos atrav\\u00e9s da gest\\u00e3o eficaz e valoriza\\u00e7\\u00e3o do seu maior ativo: as pessoas.<\\\/p>\",\"margin\":\"default\",\"text_align\":\"justify\"}}]}]}],\"name\":\"conteudo\"},{\"type\":\"section\",\"props\":{\"animation\":\"slide-left-medium\",\"animation_delay\":\"300\",\"divider_height\":\"120\",\"divider_layers_gap\":\"5\",\"divider_layers_opacity\":\"0.5\",\"divider_position\":\"top\",\"divider_responsive\":true,\"divider_shadow_blur_radius\":\"5\",\"divider_shadow_color\":\"#00000080\",\"divider_shadow_offset_x\":\"0\",\"divider_shadow_offset_y\":\"5\",\"divider_width\":\"100\",\"image\":\"wp-content\\\/uploads\\\/2024\\\/07\\\/16992-5a18d21abe358.jpg\",\"image_position\":\"center-center\",\"image_size\":\"cover\",\"media_overlay\":\"rgba(0, 0, 0, 0.66)\",\"padding\":\"large\",\"padding_custom_bottom\":\"40\",\"padding_custom_top\":\"40\",\"padding_remove_bottom\":false,\"sticky\":\"reveal\",\"style\":\"default\",\"style_custom_color\":\"#ccc\",\"text_color\":\"light\",\"title_breakpoint\":\"l\",\"title_position\":\"center-right\",\"title_rotation\":\"left\",\"vertical_align\":\"middle\",\"width\":\"default\"},\"children\":[{\"type\":\"row\",\"props\":{\"layout\":\"1-2,1-2\",\"margin\":\"default\"},\"children\":[{\"type\":\"column\",\"props\":{\"image_effect\":\"fixed\",\"image_position\":\"center-left\",\"order_first\":\"m\",\"position_sticky_breakpoint\":\"m\",\"width_medium\":\"1-2\",\"width_small\":\"1-2\"},\"children\":[{\"type\":\"headline\",\"props\":{\"content\":\"Conte com a <strong>MAFCont<\\\/strong> Escrit\\u00f3rio de Contabilidade!\",\"title_color\":\"primary\",\"title_element\":\"h1\",\"title_font_family\":\"primary\",\"title_style\":\"h2\",\"visibility\":\"hidden-m\"},\"name\":\"Empatia e qualidade... @MOBILE\"},{\"type\":\"headline\",\"props\":{\"content\":\"Conte com a <strong>MAFCont<\\\/strong> Escrit\\u00f3rio de Contabilidade!\",\"margin\":\"default\",\"title_color\":\"primary\",\"title_element\":\"h2\",\"title_font_family\":\"primary\",\"title_style\":\"h1\",\"visibility\":\"m\"},\"name\":\"Empatia e qualidade em primeiro lugar.\"},{\"type\":\"text\",\"props\":{\"column_breakpoint\":\"m\",\"content\":\"Acreditamos que podemos elevar o potencial das pessoas e seus neg\\u00f3cios, levando a contabilidade consultiva de forma f\\u00e1cil e pr\\u00e1tica.\",\"margin\":\"default\"}},{\"type\":\"button\",\"props\":{\"animation\":\"slide-bottom-medium\",\"grid_column_gap\":\"small\",\"grid_row_gap\":\"small\",\"margin\":\"default\"},\"children\":[{\"type\":\"button_item\",\"props\":{\"button_style\":\"\",\"content\":\"saiba mais\",\"icon\":\"arrow-right\",\"icon_align\":\"right\",\"link\":\"\\\/contato\"}}]}]},{\"type\":\"column\",\"props\":{\"image_position\":\"center-center\",\"order_first\":\"m\",\"position_sticky_breakpoint\":\"m\",\"width_medium\":\"1-2\",\"width_small\":\"1-2\"}}]}],\"name\":\"CTA\"}],\"version\":\"4.0.8\",\"yooessentialsVersion\":\"2.0.13\"} --><\/p>\n","protected":false},"excerpt":{"rendered":"<p>O Departamento Pessoal da MAFCONT: Excel\u00eancia em Gest\u00e3o de Recursos Humanos No cora\u00e7\u00e3o de uma empresa bem-sucedida, encontra-se um Departamento Pessoal dedicado e eficiente, como o da MAFCONT. Com anos de experi\u00eancia e um compromisso inabal\u00e1vel com a excel\u00eancia, a MAFCONT se destaca n\u00e3o apenas pelos seus servi\u00e7os cont\u00e1beis, mas tamb\u00e9m pela sua habilidade \u00edmpar [&hellip;]<\/p>\n","protected":false},"author":1,"featured_media":0,"parent":0,"menu_order":0,"comment_status":"closed","ping_status":"closed","template":"","meta":{"footnotes":""},"class_list":["post-371","page","type-page","status-publish","hentry"],"_links":{"self":[{"href":"https:\/\/mafcont.com.br\/index.php\/wp-json\/wp\/v2\/pages\/371","targetHints":{"allow":["GET"]}}],"collection":[{"href":"https:\/\/mafcont.com.br\/index.php\/wp-json\/wp\/v2\/pages"}],"about":[{"href":"https:\/\/mafcont.com.br\/index.php\/wp-json\/wp\/v2\/types\/page"}],"author":[{"embeddable":true,"href":"https:\/\/mafcont.com.br\/index.php\/wp-json\/wp\/v2\/users\/1"}],"replies":[{"embeddable":true,"href":"https:\/\/mafcont.com.br\/index.php\/wp-json\/wp\/v2\/comments?post=371"}],"version-history":[{"count":23,"href":"https:\/\/mafcont.com.br\/index.php\/wp-json\/wp\/v2\/pages\/371\/revisions"}],"predecessor-version":[{"id":618,"href":"https:\/\/mafcont.com.br\/index.php\/wp-json\/wp\/v2\/pages\/371\/revisions\/618"}],"wp:attachment":[{"href":"https:\/\/mafcont.com.br\/index.php\/wp-json\/wp\/v2\/media?parent=371"}],"curies":[{"name":"wp","href":"https:\/\/api.w.org\/{rel}","templated":true}]}}