{"id":116,"date":"2024-07-22T14:23:39","date_gmt":"2024-07-22T17:23:39","guid":{"rendered":"https:\/\/mafcont.com.br\/?page_id=116"},"modified":"2025-01-22T11:53:33","modified_gmt":"2025-01-22T14:53:33","slug":"contato","status":"publish","type":"page","link":"https:\/\/mafcont.com.br\/index.php\/contato\/","title":{"rendered":"Contato"},"content":{"rendered":"<h1>Fa\u00e7a da <strong>MAFCONT<\/strong> sua escolha certa para servi\u00e7os cont\u00e1beis.<\/h1>\n<hr>\n<div>\n<p>Otimize sua performance financeira com os servi\u00e7os especializados da MAF Contabilidade. Confie em quem entende do assunto!<\/p>\n<\/div>\n<ul>\n<li>\n<h3>mafcont@mafcont.com.br<\/h3>\n<p><a href=\"mailto:mafcont@mafcont.com.br\"><\/a><\/p>\n<\/li>\n<li>\n<h3> 11 9 4122-7232<\/h3>\n<p><a href=\"https:\/\/api.%20whatsapp.com\/send?phone=5511941227232&#038;text=Ol%C3%A1%20estou%20entrando%20em%20contato%20atrav%C3%A9s%20do%20site%20da%20MAFCONT,%20gostaria%20de%20mais%20informa%C3%A7%C3%B5es%20sobre%20os%20servi%C3%A7os.\"><\/a><\/p>\n<\/li>\n<\/ul>\n<div>\n<p>    <iframe src=\"https:\/\/www.google.com\/maps\/embed?pb=!1m18!1m12!1m3!1d3660.1709031747027!2d-46.530373823886876!3d-23.45429905766912!2m3!1f0!2f0!3f0!3m2!1i1024!2i768!4f13.1!3m3!1m2!1s0x94cef547864fcecd%3A0x5db7589d651ac0f8!2sR.%20Carlos%20Mesquita%2C%2070%20-%20Parque%20Renato%20Maia%2C%20Guarulhos%20-%20SP%2C%2007114-200!5e0!3m2!1spt-BR!2sbr!4v1737557381056!5m2!1spt-BR!2sbr\" width=\"600\" height=\"450\" style=\"border:0;\" allowfullscreen=\"\" loading=\"lazy\" referrerpolicy=\"no-referrer-when-downgrade\"><\/iframe>\n<\/div>\n<ul>\n<li>\n<h3>Hor\u00e1rio de Funcionamento<\/h3>\n<div>Segunda \u00e0 Sexta-feira das 8hs \u00e0s 18hs<br \/>\nS\u00e1bado e Domingo &#8211; Fechado<\/div>\n<\/li>\n<li>\n<h3>Onde Estamos<\/h3>\n<div>\n<p>Rua Carlos Mesquita, 70<br \/>Parque Renato Maia &#8211; Guarulhos, SP<br \/>CEP 07114-200<\/p>\n<\/div>\n<\/li>\n<\/ul>\n<p><!--more--><br \/>\n<!-- {\"type\":\"layout\",\"children\":[{\"type\":\"section\",\"props\":{\"divider_height\":\"120\",\"divider_layers_gap\":\"5\",\"divider_layers_opacity\":\"0.5\",\"divider_position\":\"top\",\"divider_responsive\":true,\"divider_shadow_blur_radius\":\"5\",\"divider_shadow_color\":\"#00000080\",\"divider_shadow_offset_x\":\"0\",\"divider_shadow_offset_y\":\"5\",\"divider_width\":\"100\",\"header_transparent_noplaceholder\":true,\"image_position\":\"center-center\",\"padding_custom_bottom\":\"40\",\"padding_custom_top\":\"40\",\"padding_remove_bottom\":false,\"preserve_color\":true,\"style\":\"muted\",\"style_custom_color\":\"#ccc\",\"title_breakpoint\":\"xl\",\"title_position\":\"top-left\",\"title_rotation\":\"left\",\"vertical_align\":\"middle\",\"width\":\"default\",\"yooessentials_form\":{\"state\":true,\"after_submit_actions\":[{\"type\":\"message\",\"props\":{\"content\":\"{Nome},<br \/>\\nAgradecemos o seu contato, em breve retornaremos.<br \/>\\nAtenciosamente,<br \/>\\nMAFCont Escrit\\u00f3rio de Contabilidade\"}},{\"type\":\"email\",\"props\":{\"html\":true,\"attachments\":[null],\"submitted_attachments\":[null],\"subject\":\"Novo Contato - Formul\\u00e1rio Site\",\"recipients\":\"mafcont@mafcont.com.br\",\"body\":\"{Nome}<br \/>\\n{Email}<br \/>\\n{Telefone}<br \/>\\n{Mensagem}\",\"from\":\"naoresponda@voio.com.br\",\"from_name\":\"MAFCONT Escrit\\u00f3rio de Contabilidade\"}}],\"html5validation\":true,\"reset_after_submit\":true,\"override_action_url\":false,\"action_method\":\"POST\"}},\"children\":[{\"type\":\"row\",\"props\":{\"divider\":true,\"layout\":\"1-2,1-2\"},\"children\":[{\"type\":\"column\",\"props\":{\"image_position\":\"center-center\",\"position_sticky_breakpoint\":\"m\",\"vertical_align\":\"middle\",\"width_medium\":\"1-2\"},\"children\":[{\"type\":\"headline\",\"props\":{\"content\":\"Fa\\u00e7a da <strong>MAFCONT<\\\/strong> sua escolha certa para servi\\u00e7os cont\\u00e1beis.\",\"title_element\":\"h1\",\"title_style\":\"h1\"}},{\"type\":\"divider\",\"props\":{\"divider_align\":\"left\",\"divider_element\":\"hr\",\"divider_style\":\"small\"}},{\"type\":\"text\",\"props\":{\"column_breakpoint\":\"m\",\"content\":\"\n\n<p>Otimize sua performance financeira com os servi\\u00e7os especializados da MAF Contabilidade. Confie em quem entende do assunto!<\\\/p>\",\"margin\":\"default\",\"text_color\":\"emphasis\"}},{\"type\":\"grid\",\"props\":{\"content_column_breakpoint\":\"m\",\"filter_align\":\"left\",\"filter_all\":true,\"filter_grid_breakpoint\":\"m\",\"filter_grid_width\":\"auto\",\"filter_position\":\"top\",\"filter_style\":\"tab\",\"grid_column_gap\":\"small\",\"grid_default\":\"1\",\"grid_medium\":\"2\",\"icon_width\":\"40\",\"image_align\":\"top\",\"image_grid_breakpoint\":\"m\",\"image_grid_width\":\"1-2\",\"image_svg_color\":\"emphasis\",\"item_animation\":true,\"link_style\":\"default\",\"link_target\":true,\"link_text\":\"\",\"margin\":\"default\",\"meta_align\":\"below-title\",\"meta_element\":\"div\",\"meta_style\":\"text-meta\",\"panel_padding\":\"small\",\"show_content\":true,\"show_image\":true,\"show_link\":true,\"show_meta\":true,\"show_title\":true,\"text_align\":\"center\",\"title_align\":\"top\",\"title_element\":\"h3\",\"title_grid_breakpoint\":\"m\",\"title_grid_width\":\"1-2\",\"title_hover_style\":\"reset\",\"title_link\":true,\"title_margin\":\"small\",\"title_style\":\"text-large\"},\"children\":[{\"type\":\"grid_item\",\"props\":{\"icon\":\"mail\",\"link\":\"mailto:mafcont@mafcont.com.br\",\"panel_style\":\"card-default\",\"title\":\"mafcont@mafcont.com.br\"}},{\"type\":\"grid_item\",\"props\":{\"icon\":\"whatsapp\",\"link\":\"https:\\\/\\\/api.%20whatsapp.com\\\/send?phone=5511941227232&text=Ol%C3%A1%20estou%20entrando%20em%20contato%20atrav%C3%A9s%20do%20site%20da%20MAFCONT,%20gostaria%20de%20mais%20informa%C3%A7%C3%B5es%20sobre%20os%20servi%C3%A7os.\",\"panel_style\":\"tile-primary\",\"title\":\" 11 9 4122-7232\"}}]}]},{\"type\":\"column\",\"props\":{\"image_position\":\"center-center\",\"position_sticky_breakpoint\":\"m\",\"style\":\"tile-default\",\"width_medium\":\"1-2\"},\"children\":[{\"type\":\"yooessentials_form_input\",\"props\":{\"control_icon_align\":\"left\",\"fullwidth\":true,\"grid_column_gap\":\"small\",\"grid_columns_number\":\"auto\",\"grid_row_gap\":\"small\",\"margin\":\"default\",\"show_icon\":true,\"show_label\":true},\"children\":[{\"type\":\"yooessentials_form_input_text\",\"props\":{\"control_icon\":\"user\",\"control_id_inherit\":true,\"control_name\":\"Nome\",\"control_placeholder\":\"Digite seu nome completo...\"}},{\"type\":\"yooessentials_form_input_email\",\"props\":{\"control_icon\":\"mail\",\"control_id_inherit\":true,\"control_name\":\"Email\",\"control_placeholder\":\"Informe o seu melhor e-mail...\"}},{\"type\":\"yooessentials_form_input_tel\",\"props\":{\"control_icon\":\"whatsapp\",\"control_id_inherit\":true,\"control_name\":\"Telefone\",\"control_placeholder\":\"(00) 0 0000-0000\"}}]},{\"type\":\"yooessentials_form_textarea\",\"props\":{\"control_id_inherit\":true,\"control_name\":\"Mensagem\",\"control_placeholder\":\"Deixe sua d\\u00favida ou sugest\\u00e3o...\",\"margin\":\"default\"}},{\"type\":\"yooessentials_form_recaptcha\",\"props\":{\"control_action\":\"yoothemepro_form_submit\",\"control_badge_position\":\"bottomright\",\"control_secret_key\":\"6Lev278qAAAAAEx-seg4GXQGPa-HXGUYEX4m-AOa\",\"control_site_key\":\"6Lev278qAAAAACBeN2n7kkh_TIFRn3y47gM-2e2_\",\"control_size\":\"normal\",\"control_theme\":\"light\",\"control_threshold\":\"0.5\",\"control_type\":\"v2-checkbox\",\"margin\":\"default\",\"recaptcha_version\":\"v2\"}},{\"type\":\"yooessentials_form_radio\",\"props\":{\"control_id_inherit\":true,\"control_layout\":\"vertical\",\"control_name\":\"LGPD\",\"control_required\":true,\"margin\":\"default\"},\"children\":[{\"type\":\"yooessentials_form_option\",\"props\":{\"disabled\":false,\"value\":\"Li e concordo com a <a href=\\\"politica-de-privacidade\\\">Pol\\u00edtica de Privacidade <\\\/a>do site\"}}]},{\"type\":\"yooessentials_form_button\",\"props\":{\"grid_column_gap\":\"small\",\"grid_row_gap\":\"small\",\"margin\":\"default\",\"text_align\":\"right\"},\"children\":[{\"type\":\"yooessentials_form_button_item\",\"props\":{\"button_style\":\"primary\",\"content\":\"Enviar\",\"icon\":\"forward\",\"icon_align\":\"right\"}}]}]}]}],\"formid\":\"407b8330\"},{\"type\":\"section\",\"props\":{\"image_position\":\"center-center\",\"style\":\"default\",\"title_breakpoint\":\"xl\",\"title_position\":\"top-left\",\"title_rotation\":\"left\",\"vertical_align\":\"middle\",\"width\":\"default\"},\"children\":[{\"type\":\"row\",\"props\":{\"column_gap\":\"large\",\"layout\":\"1-2,1-2\"},\"children\":[{\"type\":\"column\",\"props\":{\"image_position\":\"center-center\",\"position_sticky_breakpoint\":\"m\",\"width_medium\":\"1-2\"},\"children\":[{\"type\":\"html\",\"props\":{\"content\":\"<iframe src=\\\"https:\\\/\\\/www.google.com\\\/maps\\\/embed?pb=!1m18!1m12!1m3!1d3660.1709031747027!2d-46.530373823886876!3d-23.45429905766912!2m3!1f0!2f0!3f0!3m2!1i1024!2i768!4f13.1!3m3!1m2!1s0x94cef547864fcecd%3A0x5db7589d651ac0f8!2sR.%20Carlos%20Mesquita%2C%2070%20-%20Parque%20Renato%20Maia%2C%20Guarulhos%20-%20SP%2C%2007114-200!5e0!3m2!1spt-BR!2sbr!4v1737557381056!5m2!1spt-BR!2sbr\\\" width=\\\"600\\\" height=\\\"450\\\" style=\\\"border:0;\\\" allowfullscreen=\\\"\\\" loading=\\\"lazy\\\" referrerpolicy=\\\"no-referrer-when-downgrade\\\"><\\\/iframe>\"}}]},{\"type\":\"column\",\"props\":{\"image_position\":\"center-center\",\"position_sticky_breakpoint\":\"m\",\"vertical_align\":\"middle\",\"width_medium\":\"1-2\"},\"children\":[{\"type\":\"grid\",\"props\":{\"content_column_breakpoint\":\"m\",\"filter_align\":\"left\",\"filter_all\":true,\"filter_grid_breakpoint\":\"m\",\"filter_grid_width\":\"auto\",\"filter_position\":\"top\",\"filter_style\":\"tab\",\"grid_default\":\"1\",\"grid_divider\":true,\"grid_medium\":\"1\",\"icon_width\":\"40\",\"image_align\":\"left\",\"image_grid_breakpoint\":\"m\",\"image_grid_column_gap\":\"small\",\"image_grid_width\":\"auto\",\"image_svg_color\":\"emphasis\",\"image_vertical_align\":false,\"item_animation\":true,\"link_style\":\"default\",\"link_text\":\"Read more\",\"margin\":\"default\",\"meta_align\":\"below-title\",\"meta_element\":\"div\",\"meta_style\":\"text-meta\",\"show_content\":true,\"show_image\":true,\"show_link\":true,\"show_meta\":true,\"show_title\":true,\"title_align\":\"top\",\"title_color\":\"primary\",\"title_element\":\"h3\",\"title_grid_breakpoint\":\"m\",\"title_grid_width\":\"1-2\",\"title_hover_style\":\"reset\",\"title_style\":\"h3\"},\"children\":[{\"type\":\"grid_item\",\"props\":{\"content\":\"Segunda \\u00e0 Sexta-feira das 8hs \\u00e0s 18hs<br \/>\\nS\\u00e1bado e Domingo - Fechado\",\"icon\":\"bootstrap--clock-history\",\"title\":\"Hor\\u00e1rio de Funcionamento\"}},{\"type\":\"grid_item\",\"props\":{\"content\":\"\n\n<p>Rua Carlos Mesquita, 70<br \\\/>Parque Renato Maia - Guarulhos, SP<br \\\/>CEP 07114-200<\\\/p>\",\"icon\":\"bootstrap--house-add\",\"title\":\"Onde Estamos\"}}]}]}]}]}],\"version\":\"4.0.8\",\"yooessentialsVersion\":\"2.0.13\"} --><\/p>\n","protected":false},"excerpt":{"rendered":"<p>Fa\u00e7a da MAFCONT sua escolha certa para servi\u00e7os cont\u00e1beis. Otimize sua performance financeira com os servi\u00e7os especializados da MAF Contabilidade. Confie em quem entende do assunto! mafcont@mafcont.com.br 11 9 4122-7232 Hor\u00e1rio de Funcionamento Segunda \u00e0 Sexta-feira das 8hs \u00e0s 18hs S\u00e1bado e Domingo &#8211; Fechado Onde Estamos Rua Carlos Mesquita, 70Parque Renato Maia &#8211; Guarulhos, [&hellip;]<\/p>\n","protected":false},"author":1,"featured_media":0,"parent":0,"menu_order":0,"comment_status":"closed","ping_status":"closed","template":"","meta":{"footnotes":""},"class_list":["post-116","page","type-page","status-publish","hentry"],"_links":{"self":[{"href":"https:\/\/mafcont.com.br\/index.php\/wp-json\/wp\/v2\/pages\/116","targetHints":{"allow":["GET"]}}],"collection":[{"href":"https:\/\/mafcont.com.br\/index.php\/wp-json\/wp\/v2\/pages"}],"about":[{"href":"https:\/\/mafcont.com.br\/index.php\/wp-json\/wp\/v2\/types\/page"}],"author":[{"embeddable":true,"href":"https:\/\/mafcont.com.br\/index.php\/wp-json\/wp\/v2\/users\/1"}],"replies":[{"embeddable":true,"href":"https:\/\/mafcont.com.br\/index.php\/wp-json\/wp\/v2\/comments?post=116"}],"version-history":[{"count":77,"href":"https:\/\/mafcont.com.br\/index.php\/wp-json\/wp\/v2\/pages\/116\/revisions"}],"predecessor-version":[{"id":733,"href":"https:\/\/mafcont.com.br\/index.php\/wp-json\/wp\/v2\/pages\/116\/revisions\/733"}],"wp:attachment":[{"href":"https:\/\/mafcont.com.br\/index.php\/wp-json\/wp\/v2\/media?parent=116"}],"curies":[{"name":"wp","href":"https:\/\/api.w.org\/{rel}","templated":true}]}}