{"id":115,"date":"2024-07-22T14:23:39","date_gmt":"2024-07-22T17:23:39","guid":{"rendered":"https:\/\/mafcont.com.br\/?page_id=115"},"modified":"2025-01-22T11:54:08","modified_gmt":"2025-01-22T14:54:08","slug":"trabalhe-conosco","status":"publish","type":"page","link":"https:\/\/mafcont.com.br\/index.php\/trabalhe-conosco\/","title":{"rendered":"Trabalhe Conosco"},"content":{"rendered":"<p><img decoding=\"async\" src=\"\/wp-content\/uploads\/2024\/07\/cta.png\" alt=\"\"><\/p>\n<h5>BENEF\u00cdCIOS<\/h5>\n<h2>Valorizamos o talento, dedica\u00e7\u00e3o e o comprometimento com a excel\u00eancia. <\/h2>\n<hr>\n<div>Com mais de 9 anos de experi\u00eancia no mercado cont\u00e1bil, estamos sempre em busca de profissionais qualificados que compartilhem nossa paix\u00e3o por solu\u00e7\u00f5es financeiras inovadoras e atendimento de qualidade.<\/div>\n<ul>\n<li>\n<h3>Hor\u00e1rio Flex\u00edvel<\/h3>\n<\/li>\n<li>\n<h3>Aparelhos Novos<\/h3>\n<\/li>\n<li>\n<h3>Feriados Livres<\/h3>\n<\/li>\n<\/ul>\n<h2>Fa\u00e7a parte da Equipe<\/h2>\n<hr>\n<div>N\u00e3o perca a oportunidade de fazer parte de uma equipe que valoriza o desenvolvimento pessoal e profissional.Estamos ansiosos para conhecer voc\u00ea e explorar juntos novos horizontes na contabilidade moderna. <\/div>\n<p><!--more--><br \/>\n<!-- {\"type\":\"layout\",\"children\":[{\"type\":\"section\",\"props\":{\"divider_color_inherit_section\":true,\"divider_flip\":false,\"divider_height\":\"120\",\"divider_invert\":true,\"divider_layers_gap\":\"5\",\"divider_layers_opacity\":\"0.5\",\"divider_position\":\"bottom\",\"divider_responsive\":true,\"divider_shadow_blur_radius\":\"5\",\"divider_shadow_color\":\"#00000080\",\"divider_shadow_offset_x\":\"0\",\"divider_shadow_offset_y\":\"5\",\"divider_shape\":\"curve\",\"divider_width\":\"100\",\"header_transparent\":\"light\",\"header_transparent_noplaceholder\":true,\"image\":\"wp-content\\\/uploads\\\/2024\\\/07\\\/blog-feature-image.jpg\",\"image_position\":\"top-center\",\"image_size\":\"cover\",\"media_overlay\":\"rgba(0, 0, 0, 0.47)\",\"padding\":\"xlarge\",\"padding_custom_bottom\":\"40\",\"padding_custom_top\":\"40\",\"style\":\"default\",\"style_custom_color\":\"#ccc\",\"text_color\":\"light\",\"title_breakpoint\":\"xl\",\"title_position\":\"top-left\",\"title_rotation\":\"left\",\"vertical_align\":\"middle\",\"width\":\"default\"},\"children\":[{\"type\":\"row\",\"children\":[{\"type\":\"column\",\"props\":{\"image_position\":\"center-center\",\"position_sticky_breakpoint\":\"m\"},\"children\":[{\"type\":\"headline\",\"props\":{\"title_element\":\"h1\",\"title_style\":\"h2\"},\"source\":{\"query\":{\"name\":\"pages.singlePage\"},\"props\":{\"content\":{\"filters\":{\"search\":\"\"},\"name\":\"title\"}}}},{\"type\":\"breadcrumbs\",\"props\":{\"show_current\":true,\"show_home\":true}}]}]}],\"name\":\"topbanner\"},{\"type\":\"section\",\"props\":{\"image_position\":\"center-center\",\"style\":\"default\",\"title_breakpoint\":\"xl\",\"title_position\":\"top-left\",\"title_rotation\":\"left\",\"vertical_align\":\"middle\",\"width\":\"default\"},\"children\":[{\"type\":\"row\",\"props\":{\"layout\":\"1-2,1-2\"},\"children\":[{\"type\":\"column\",\"props\":{\"image\":\"wp-content\\\/uploads\\\/2024\\\/07\\\/fundo-lines.png\",\"image_position\":\"center-center\",\"image_size\":\"height-1-1\",\"position_sticky_breakpoint\":\"m\",\"width_medium\":\"1-2\"},\"children\":[{\"type\":\"image\",\"props\":{\"image\":\"wp-content\\\/uploads\\\/2024\\\/07\\\/cta.png\",\"image_box_decoration\":\"mask\",\"image_svg_color\":\"emphasis\",\"margin\":\"default\"}}]},{\"type\":\"column\",\"props\":{\"image_position\":\"center-center\",\"position_sticky_breakpoint\":\"m\",\"vertical_align\":\"middle\",\"width_medium\":\"1-2\"},\"children\":[{\"type\":\"headline\",\"props\":{\"content\":\"BENEF\\u00cdCIOS\",\"margin\":\"small\",\"margin_remove_bottom\":false,\"title_color\":\"primary\",\"title_element\":\"h5\",\"title_style\":\"h5\"}},{\"type\":\"headline\",\"props\":{\"content\":\"Valorizamos o talento, dedica\\u00e7\\u00e3o e o comprometimento com a excel\\u00eancia. \",\"margin_remove_top\":true,\"title_element\":\"h2\",\"title_style\":\"h2\"}},{\"type\":\"divider\",\"props\":{\"divider_align\":\"left\",\"divider_element\":\"hr\",\"divider_style\":\"small\"}},{\"type\":\"text\",\"props\":{\"column_breakpoint\":\"m\",\"content\":\"Com mais de 9 anos de experi\\u00eancia no mercado cont\\u00e1bil, estamos sempre em busca de profissionais qualificados que compartilhem nossa paix\\u00e3o por solu\\u00e7\\u00f5es financeiras inovadoras e atendimento de qualidade.\",\"margin\":\"default\",\"text_align\":\"justify\"}},{\"type\":\"grid\",\"props\":{\"content_column_breakpoint\":\"m\",\"filter_align\":\"left\",\"filter_all\":true,\"filter_grid_breakpoint\":\"m\",\"filter_grid_width\":\"auto\",\"filter_position\":\"top\",\"filter_style\":\"tab\",\"grid_default\":\"1\",\"grid_divider\":true,\"grid_medium\":\"3\",\"icon_color\":\"primary\",\"icon_width\":\"40\",\"image_align\":\"top\",\"image_grid_breakpoint\":\"m\",\"image_grid_width\":\"1-2\",\"image_svg_color\":\"emphasis\",\"item_animation\":true,\"link_style\":\"default\",\"link_text\":\"Read more\",\"margin\":\"default\",\"meta_align\":\"below-title\",\"meta_element\":\"div\",\"meta_style\":\"text-meta\",\"show_content\":true,\"show_image\":true,\"show_link\":true,\"show_meta\":true,\"show_title\":true,\"text_align\":\"center\",\"title_align\":\"top\",\"title_element\":\"h3\",\"title_grid_breakpoint\":\"m\",\"title_grid_width\":\"1-2\",\"title_hover_style\":\"reset\",\"title_style\":\"text-small\"},\"children\":[{\"type\":\"grid_item\",\"props\":{\"icon\":\"bootstrap--clock\",\"title\":\"Hor\\u00e1rio Flex\\u00edvel\"}},{\"type\":\"grid_item\",\"props\":{\"icon\":\"bootstrap--window-plus\",\"title\":\"Aparelhos Novos\"}},{\"type\":\"grid_item\",\"props\":{\"icon\":\"bootstrap--balloon\",\"title\":\"Feriados Livres\"}}]}]}]}]},{\"type\":\"section\",\"props\":{\"divider_height\":\"120\",\"divider_layers_gap\":\"5\",\"divider_layers_opacity\":\"0.5\",\"divider_position\":\"top\",\"divider_responsive\":true,\"divider_shadow_blur_radius\":\"5\",\"divider_shadow_color\":\"#00000080\",\"divider_shadow_offset_x\":\"0\",\"divider_shadow_offset_y\":\"5\",\"divider_width\":\"100\",\"image_position\":\"center-center\",\"padding_custom_bottom\":\"40\",\"padding_custom_top\":\"40\",\"status\":\"disabled\",\"style\":\"muted\",\"style_custom_color\":\"#ccc\",\"title_breakpoint\":\"xl\",\"title_position\":\"top-left\",\"title_rotation\":\"left\",\"vertical_align\":\"middle\",\"width\":\"default\"},\"children\":[{\"type\":\"row\",\"children\":[{\"type\":\"column\",\"props\":{\"image_position\":\"center-center\",\"position_sticky_breakpoint\":\"m\"},\"children\":[{\"type\":\"panel-slider\",\"props\":{\"content_column_breakpoint\":\"m\",\"icon_width\":80,\"image_align\":\"top\",\"image_grid_breakpoint\":\"m\",\"image_grid_width\":\"1-2\",\"image_svg_color\":\"emphasis\",\"link_style\":\"default\",\"link_text\":\"Read more\",\"margin\":\"default\",\"meta_align\":\"below-title\",\"meta_element\":\"div\",\"meta_style\":\"text-meta\",\"nav\":\"dotnav\",\"nav_align\":\"center\",\"nav_breakpoint\":\"s\",\"panel_card_match\":true,\"panel_padding\":\"default\",\"panel_style\":\"card-default\",\"show_content\":true,\"show_image\":true,\"show_link\":true,\"show_meta\":true,\"show_title\":true,\"slidenav\":\"outside\",\"slidenav_breakpoint\":\"xl\",\"slidenav_margin\":\"medium\",\"slidenav_outside_breakpoint\":\"xl\",\"slider_autoplay_pause\":true,\"slider_gap\":\"default\",\"slider_width\":\"fixed\",\"slider_width_default\":\"1-1\",\"slider_width_medium\":\"1-3\",\"title_align\":\"top\",\"title_color\":\"primary\",\"title_element\":\"h3\",\"title_grid_breakpoint\":\"m\",\"title_grid_width\":\"1-2\",\"title_hover_style\":\"reset\",\"title_style\":\"h4\"},\"children\":[{\"type\":\"panel-slider_item\",\"props\":{\"content\":\"Lorem ipsum dolor sit amet, consectetur adipiscing elit, seddo.\",\"meta\":\"<span uk-icon=\\\"icon: location\\\"><\\\/span> Presencial\",\"title\":\"VAGA DEPTO PESSOAL\"}},{\"type\":\"panel-slider_item\",\"props\":{\"content\":\"Lorem ipsum dolor sit amet, consectetur adipiscing elit, seddo.\",\"meta\":\"<span uk-icon=\\\"icon: location\\\"><\\\/span> Presencial\",\"title\":\"VAGA DEPTO PESSOAL\"}},{\"type\":\"panel-slider_item\",\"props\":{\"content\":\"Lorem ipsum dolor sit amet, consectetur adipiscing elit, seddo.\",\"meta\":\"<span uk-icon=\\\"icon: location\\\"><\\\/span> Presencial\",\"title\":\"VAGA DEPTO PESSOAL\"}},{\"type\":\"panel-slider_item\",\"props\":{\"content\":\"Lorem ipsum dolor sit amet, consectetur adipiscing elit, seddo.\",\"meta\":\"<span uk-icon=\\\"icon: location\\\"><\\\/span> Presencial\",\"title\":\"VAGA DEPTO PESSOAL\"}}]}]}]}]},{\"type\":\"section\",\"props\":{\"divider_height\":\"120\",\"divider_layers_gap\":\"5\",\"divider_layers_opacity\":\"0.5\",\"divider_position\":\"top\",\"divider_responsive\":true,\"divider_shadow_blur_radius\":\"5\",\"divider_shadow_color\":\"#00000080\",\"divider_shadow_offset_x\":\"0\",\"divider_shadow_offset_y\":\"5\",\"divider_width\":\"100\",\"image_position\":\"center-center\",\"padding_custom_bottom\":\"40\",\"padding_custom_top\":\"40\",\"style\":\"muted\",\"style_custom_color\":\"#ccc\",\"title_breakpoint\":\"xl\",\"title_position\":\"top-left\",\"title_rotation\":\"left\",\"vertical_align\":\"middle\",\"width\":\"default\",\"yooessentials_form\":{\"state\":true,\"after_submit_actions\":[{\"type\":\"message\",\"props\":{\"content\":\"\n\n<p>{Nome}<\\\/p>\\n\n\n<p>Agradecemos o seu interesse em fazer parte da nossa equipe, vamos analisar as informa\\u00e7\\u00f5es encaminhadas. Atenciosamente, MAFCont Escrit\\u00f3rio de Contabilidade<\\\/p>\"}},{\"type\":\"email\",\"props\":{\"html\":true,\"attachments\":[\"wp-content\\\/uploads\\\/2024\"],\"submitted_attachments\":[\"Curriculo\"],\"subject\":\"Novo Contato - Formul\\u00e1rio Trabalhe Conosco\",\"recipients\":\"mafcont@mafcont.com.br\",\"from\":\"naoresponda@voio.com.br\",\"from_name\":\"MAFCONT Escrit\\u00f3rio de Contabilidade\",\"body\":\"{Nome}<br \/>\\n{Email}<br \/>\\n{Telefone}<br \/>\\n{Interesse}<br \/>\\n{Curriculo}<br \/>\"}}],\"html5validation\":true,\"reset_after_submit\":true,\"override_action_url\":false,\"action_method\":\"POST\"}},\"children\":[{\"type\":\"row\",\"props\":{\"column_gap\":\"large\",\"layout\":\"2-5,3-5\"},\"children\":[{\"type\":\"column\",\"props\":{\"image_position\":\"center-center\",\"position_sticky_breakpoint\":\"m\",\"vertical_align\":\"middle\",\"width_medium\":\"2-5\"},\"children\":[{\"type\":\"headline\",\"props\":{\"content\":\"Fa\\u00e7a parte da Equipe\",\"title_color\":\"primary\",\"title_element\":\"h2\",\"title_style\":\"h2\"}},{\"type\":\"divider\",\"props\":{\"divider_align\":\"left\",\"divider_element\":\"hr\",\"divider_style\":\"small\"}},{\"type\":\"text\",\"props\":{\"column_breakpoint\":\"m\",\"content\":\"N\\u00e3o perca a oportunidade de fazer parte de uma equipe que valoriza o desenvolvimento pessoal e profissional.Estamos ansiosos para conhecer voc\\u00ea e explorar juntos novos horizontes na contabilidade moderna. \",\"margin\":\"default\",\"text_align\":\"justify\"}}]},{\"type\":\"column\",\"props\":{\"image_position\":\"center-center\",\"position_sticky_breakpoint\":\"m\",\"style\":\"card-default\",\"width_medium\":\"3-5\"},\"children\":[{\"type\":\"yooessentials_form_input\",\"props\":{\"control_icon_align\":\"left\",\"fullwidth\":true,\"grid_column_gap\":\"small\",\"grid_columns_number\":\"auto\",\"grid_row_gap\":\"small\",\"margin\":\"default\",\"show_icon\":true,\"show_label\":true},\"children\":[{\"type\":\"yooessentials_form_input_text\",\"props\":{\"control_icon\":\"user\",\"control_id_inherit\":true,\"control_name\":\"Nome\",\"control_placeholder\":\"Digite o seu nome completo...\"}},{\"type\":\"yooessentials_form_input_email\",\"props\":{\"control_icon\":\"mail\",\"control_id_inherit\":true,\"control_name\":\"Email\",\"control_placeholder\":\"Digite o seu melhor e-mail...\"}},{\"type\":\"yooessentials_form_input_tel\",\"props\":{\"control_icon\":\"whatsapp\",\"control_id_inherit\":true,\"control_name\":\"Telefone\",\"control_placeholder\":\"(00) 0 0000-0000\"}},{\"type\":\"yooessentials_form_input_text\",\"props\":{\"control_icon\":\"info\",\"control_id_inherit\":true,\"control_name\":\"Interesse\",\"control_placeholder\":\"Informe o departamento de interesse ...\"}}]},{\"type\":\"yooessentials_form_upload\",\"props\":{\"button_icon\":\"upload\",\"button_icon_align\":\"left\",\"button_style\":\"default\",\"content\":\"Selecione o arquivo\",\"control_id_inherit\":true,\"control_name\":\"Curriculo\",\"control_unique_filenames\":true,\"control_upload_filename\":\"curriculo\",\"control_upload_path\":\"wp-content\\\/uploads\\\/2025\\\/01\",\"layout\":\"default\",\"margin\":\"default\"}},{\"type\":\"yooessentials_form_recaptcha\",\"props\":{\"control_action\":\"yoothemepro_form_submit\",\"control_badge_position\":\"bottomright\",\"control_secret_key\":\"6Lev278qAAAAAEx-seg4GXQGPa-HXGUYEX4m-AOa\",\"control_site_key\":\"6Lev278qAAAAACBeN2n7kkh_TIFRn3y47gM-2e2_\",\"control_size\":\"normal\",\"control_theme\":\"light\",\"control_threshold\":\"0.5\",\"control_type\":\"v2-checkbox\",\"margin\":\"default\",\"recaptcha_version\":\"v2\"},\"name\":\"recaptcha\"},{\"type\":\"yooessentials_form_radio\",\"props\":{\"control_id_inherit\":true,\"control_layout\":\"vertical\",\"control_name\":\"LGPD\",\"margin\":\"default\"},\"children\":[{\"type\":\"yooessentials_form_option\",\"props\":{\"disabled\":false,\"value\":\"Li e concordo com a <a href=\\\"politica-de-privacidade\\\">Pol\\u00edtica de Privacidade <\\\/a>do site.\"}}]},{\"type\":\"yooessentials_form_button\",\"props\":{\"grid_column_gap\":\"small\",\"grid_row_gap\":\"small\",\"margin\":\"default\",\"text_align\":\"right\"},\"children\":[{\"type\":\"yooessentials_form_button_item\",\"props\":{\"button_style\":\"primary\",\"content\":\"Enviar\",\"icon\":\"forward\",\"icon_align\":\"right\"}}]}]}]}],\"formid\":\"38224e99\"}],\"version\":\"4.0.8\",\"yooessentialsVersion\":\"2.0.13\"} --><\/p>\n","protected":false},"excerpt":{"rendered":"<p>BENEF\u00cdCIOS Valorizamos o talento, dedica\u00e7\u00e3o e o comprometimento com a excel\u00eancia. Com mais de 9 anos de experi\u00eancia no mercado cont\u00e1bil, estamos sempre em busca de profissionais qualificados que compartilhem nossa paix\u00e3o por solu\u00e7\u00f5es financeiras inovadoras e atendimento de qualidade. Hor\u00e1rio Flex\u00edvel Aparelhos Novos Feriados Livres Fa\u00e7a parte da Equipe N\u00e3o perca a oportunidade de [&hellip;]<\/p>\n","protected":false},"author":1,"featured_media":0,"parent":0,"menu_order":0,"comment_status":"closed","ping_status":"closed","template":"","meta":{"footnotes":""},"class_list":["post-115","page","type-page","status-publish","hentry"],"_links":{"self":[{"href":"https:\/\/mafcont.com.br\/index.php\/wp-json\/wp\/v2\/pages\/115","targetHints":{"allow":["GET"]}}],"collection":[{"href":"https:\/\/mafcont.com.br\/index.php\/wp-json\/wp\/v2\/pages"}],"about":[{"href":"https:\/\/mafcont.com.br\/index.php\/wp-json\/wp\/v2\/types\/page"}],"author":[{"embeddable":true,"href":"https:\/\/mafcont.com.br\/index.php\/wp-json\/wp\/v2\/users\/1"}],"replies":[{"embeddable":true,"href":"https:\/\/mafcont.com.br\/index.php\/wp-json\/wp\/v2\/comments?post=115"}],"version-history":[{"count":57,"href":"https:\/\/mafcont.com.br\/index.php\/wp-json\/wp\/v2\/pages\/115\/revisions"}],"predecessor-version":[{"id":736,"href":"https:\/\/mafcont.com.br\/index.php\/wp-json\/wp\/v2\/pages\/115\/revisions\/736"}],"wp:attachment":[{"href":"https:\/\/mafcont.com.br\/index.php\/wp-json\/wp\/v2\/media?parent=115"}],"curies":[{"name":"wp","href":"https:\/\/api.w.org\/{rel}","templated":true}]}}